{"id":291,"date":"2024-03-14T21:18:54","date_gmt":"2024-03-14T20:18:54","guid":{"rendered":"https:\/\/afrikribean.com\/?page_id=291"},"modified":"2024-04-09T08:01:17","modified_gmt":"2024-04-09T06:01:17","slug":"qui-sommes-nous","status":"publish","type":"page","link":"https:\/\/afrikribean.com\/?page_id=291","title":{"rendered":"Qui sommes nous ?"},"content":{"rendered":"<p>[et_pb_section fb_built=\u00a0\u00bb1&Prime; admin_label=\u00a0\u00bbHeader\u00a0\u00bb _builder_version=\u00a0\u00bb4.24.2&Prime; _module_preset=\u00a0\u00bbdefault\u00a0\u00bb background_color=\u00a0\u00bb#FFFFFF\u00a0\u00bb collapsed=\u00a0\u00bbon\u00a0\u00bb global_colors_info=\u00a0\u00bb{}\u00a0\u00bb][et_pb_row _builder_version=\u00a0\u00bb4.23.1&Prime; _module_preset=\u00a0\u00bbdefault\u00a0\u00bb global_colors_info=\u00a0\u00bb{}\u00a0\u00bb][et_pb_column type=\u00a0\u00bb4_4&Prime; _builder_version=\u00a0\u00bb4.23.1&Prime; _module_preset=\u00a0\u00bbdefault\u00a0\u00bb global_colors_info=\u00a0\u00bb{}\u00a0\u00bb][et_pb_text _builder_version=\u00a0\u00bb4.24.2&Prime; _module_preset=\u00a0\u00bbdefault\u00a0\u00bb text_font=\u00a0\u00bbMyriad pro regular||||||||\u00a0\u00bb text_text_color=\u00a0\u00bb#000000&Prime; text_font_size=\u00a0\u00bb16px\u00a0\u00bb header_2_font=\u00a0\u00bbEDITION|700|||||||\u00a0\u00bb header_2_text_align=\u00a0\u00bbcenter\u00a0\u00bb header_2_text_color=\u00a0\u00bb#000000&Prime; header_2_font_size=\u00a0\u00bb70px\u00a0\u00bb header_2_letter_spacing=\u00a0\u00bb5px\u00a0\u00bb header_2_line_height=\u00a0\u00bb1.4em\u00a0\u00bb text_orientation=\u00a0\u00bbcenter\u00a0\u00bb custom_margin=\u00a0\u00bb||10px||false|false\u00a0\u00bb custom_padding=\u00a0\u00bb||4%||false|false\u00a0\u00bb header_2_font_size_tablet=\u00a0\u00bb52px\u00a0\u00bb header_2_font_size_phone=\u00a0\u00bb40px\u00a0\u00bb header_2_font_size_last_edited=\u00a0\u00bbon|phone\u00a0\u00bb header_2_text_shadow_style=\u00a0\u00bbpreset1&Prime; header_2_text_shadow_vertical_length=\u00a0\u00bb0.01em\u00a0\u00bb header_2_text_shadow_blur_strength=\u00a0\u00bb0.02em\u00a0\u00bb header_2_text_shadow_color=\u00a0\u00bb#000000&Prime; locked=\u00a0\u00bboff\u00a0\u00bb global_colors_info=\u00a0\u00bb{}\u00a0\u00bb]<\/p>\n<h2>notre histoire<span data-metadata=\"&lt;!--(figmeta)eyJmaWxlS2V5IjoiSlB4b29jQXpJenZjbWY3SXRoaWEybSIsInBhc3RlSUQiOjE3OTE0MjYyMjYsImRhdGFUeXBlIjoic2NlbmUifQo=(\/figmeta)--&gt;\"><\/span><\/h2>\n<p>[\/et_pb_text][et_pb_image src=\u00a0\u00bbhttps:\/\/afrikribean.com\/wp-content\/uploads\/2024\/03\/DSC00084-scaled.jpg\u00a0\u00bb title_text=\u00a0\u00bbDSC00084&Prime; _builder_version=\u00a0\u00bb4.24.2&Prime; _module_preset=\u00a0\u00bbdefault\u00a0\u00bb border_radii=\u00a0\u00bbon|10px|10px|10px|10px\u00a0\u00bb global_colors_info=\u00a0\u00bb{}\u00a0\u00bb][\/et_pb_image][\/et_pb_column][\/et_pb_row][et_pb_row column_structure=\u00a0\u00bb1_2,1_2&Prime; make_equal=\u00a0\u00bbon\u00a0\u00bb _builder_version=\u00a0\u00bb4.24.2&Prime; _module_preset=\u00a0\u00bbdefault\u00a0\u00bb custom_margin=\u00a0\u00bb||0px||false|false\u00a0\u00bb global_colors_info=\u00a0\u00bb{}\u00a0\u00bb header_5_font_size_tablet=\u00a0\u00bb16px\u00a0\u00bb header_5_font_size_phone=\u00a0\u00bb14px\u00a0\u00bb header_5_font_size_last_edited=\u00a0\u00bbon|desktop\u00a0\u00bb][et_pb_column type=\u00a0\u00bb1_2&Prime; _builder_version=\u00a0\u00bb4.24.2&Prime; _module_preset=\u00a0\u00bbdefault\u00a0\u00bb background_enable_color=\u00a0\u00bboff\u00a0\u00bb use_background_color_gradient=\u00a0\u00bbon\u00a0\u00bb background_color_gradient_direction=\u00a0\u00bb130deg\u00a0\u00bb background_color_gradient_stops=\u00a0\u00bb#12853f 0%|#e31b23 100%\u00a0\u00bb custom_padding=\u00a0\u00bb40px|40px|40px|40px|true|true\u00a0\u00bb custom_padding_tablet=\u00a0\u00bb30px|30px|30px|30px|true|true\u00a0\u00bb custom_padding_phone=\u00a0\u00bb20px|20px|20px|20px|true|true\u00a0\u00bb custom_padding_last_edited=\u00a0\u00bbon|desktop\u00a0\u00bb border_radii=\u00a0\u00bbon|10px|10px|10px|10px\u00a0\u00bb global_colors_info=\u00a0\u00bb{%22gcid-c5ac2fa6-e0af-467d-8acd-84d31a07c95a%22:%91%22background_color%22,%22background_color_gradient_stops%22%93,%22gcid-c389346f-c7fc-4257-bd7f-fcd8e4ff1304%22:%91%22background_color_gradient_stops%22%93}\u00a0\u00bb][et_pb_image src=\u00a0\u00bbhttps:\/\/afrikribean.com\/wp-content\/uploads\/2024\/02\/image_123650291-removebg-preview.png\u00a0\u00bb title_text=\u00a0\u00bbimage_123650291-removebg-preview\u00a0\u00bb _builder_version=\u00a0\u00bb4.24.2&Prime; _module_preset=\u00a0\u00bbdefault\u00a0\u00bb global_colors_info=\u00a0\u00bb{}\u00a0\u00bb][\/et_pb_image][et_pb_text _builder_version=\u00a0\u00bb4.24.2&Prime; _module_preset=\u00a0\u00bb_initial\u00a0\u00bb header_5_font=\u00a0\u00bbEDITION|900|||||||\u00a0\u00bb header_5_text_align=\u00a0\u00bbcenter\u00a0\u00bb header_5_text_color=\u00a0\u00bb#FFFFFF\u00a0\u00bb header_5_font_size=\u00a0\u00bb25px\u00a0\u00bb header_5_letter_spacing=\u00a0\u00bb4px\u00a0\u00bb header_5_line_height=\u00a0\u00bb1.4em\u00a0\u00bb custom_margin=\u00a0\u00bb||0px||false|false\u00a0\u00bb header_5_font_size_tablet=\u00a0\u00bb36px\u00a0\u00bb header_5_font_size_phone=\u00a0\u00bb20px\u00a0\u00bb header_5_font_size_last_edited=\u00a0\u00bbon|phone\u00a0\u00bb global_colors_info=\u00a0\u00bb{}\u00a0\u00bb]<\/p>\n<h5>afrikribean antonyme de \u00ab\u00a0creole\u00a0\u00bb<\/h5>\n<p>[\/et_pb_text][et_pb_text _builder_version=\u00a0\u00bb4.24.2&Prime; _module_preset=\u00a0\u00bb_initial\u00a0\u00bb text_font=\u00a0\u00bbMyriad pro regular||||||||\u00a0\u00bb text_text_color=\u00a0\u00bb#FFFFFF\u00a0\u00bb text_font_size=\u00a0\u00bb16px\u00a0\u00bb text_line_height=\u00a0\u00bb1.8em\u00a0\u00bb text_orientation=\u00a0\u00bbcenter\u00a0\u00bb text_font_size_tablet=\u00a0\u00bb15px\u00a0\u00bb text_font_size_phone=\u00a0\u00bb14px\u00a0\u00bb text_font_size_last_edited=\u00a0\u00bbon|desktop\u00a0\u00bb locked=\u00a0\u00bboff\u00a0\u00bb global_colors_info=\u00a0\u00bb{}\u00a0\u00bb]<\/p>\n<p>Le mot \u00ab\u00a0Cr\u00e9ole\u00a0\u00bb d\u00e9signant les premiers colons, g\u00e9nocidaires des peuples Am\u00e9rindiens et esclavagistes des peuples d&rsquo;Afrique.<\/p>\n<p>\u00ab\u00a0Afri\u00a0\u00bb pour l&rsquo;Afrique, \u00ab\u00a0Ribean\u00a0\u00bb pour la Cara\u00efbe.<br \/>\u00ab\u00a0Afri\u00a0\u00bb au lieu de \u00ab\u00a0Afro\u00a0\u00bb afin de bien valoris\u00e9 notre ascendance Africaine.<\/p>\n<p>Le \u00ab\u00a0K\u00a0\u00bb repr\u00e9sente la virgule de notre histoire mais repr\u00e9sente aussi fait r\u00e9f\u00e9rence \u00e0 un tas de choses comme :<\/p>\n<p>-Kama, Katiopa, des noms ciblant l&rsquo;Afrique noire<br \/>&#8211; Karuk\u00e9ra (Basse-Terre), Cibouk\u00e9ra (Grande-Terre)<br \/>&#8211; Kanilage, Arawak peuples originels de ces terres<br \/>&#8211; KA (Tambour traditionnel)<br \/>&#8211; KA, l&rsquo;esprit car nous pr\u00f4nons l&rsquo;\u00e9l\u00e9vation spirituel dans nos traditions<\/p>\n<p>[\/et_pb_text][\/et_pb_column][et_pb_column type=\u00a0\u00bb1_2&Prime; _builder_version=\u00a0\u00bb4.24.2&Prime; _module_preset=\u00a0\u00bbdefault\u00a0\u00bb custom_padding=\u00a0\u00bb50px||50px||true|false\u00a0\u00bb custom_padding_tablet=\u00a0\u00bb0px||0px||true|false\u00a0\u00bb custom_padding_phone=\u00a0\u00bb\u00a0\u00bb custom_padding_last_edited=\u00a0\u00bbon|desktop\u00a0\u00bb custom_css_main_element=\u00a0\u00bbmargin:auto;\u00a0\u00bb global_colors_info=\u00a0\u00bb{}\u00a0\u00bb][et_pb_icon font_icon=\u00a0\u00bb&#xf0c0;||fa||900&Prime; icon_color=\u00a0\u00bb#000000&Prime; icon_width=\u00a0\u00bb25px\u00a0\u00bb align=\u00a0\u00bbleft\u00a0\u00bb align_tablet=\u00a0\u00bbcenter\u00a0\u00bb align_phone=\u00a0\u00bbcenter\u00a0\u00bb align_last_edited=\u00a0\u00bbon|tablet\u00a0\u00bb _builder_version=\u00a0\u00bb4.24.2&Prime; _module_preset=\u00a0\u00bbdefault\u00a0\u00bb custom_margin=\u00a0\u00bb3%||2%||false|false\u00a0\u00bb global_colors_info=\u00a0\u00bb{}\u00a0\u00bb][\/et_pb_icon][et_pb_text _builder_version=\u00a0\u00bb4.24.2&Prime; _module_preset=\u00a0\u00bb_initial\u00a0\u00bb header_5_font=\u00a0\u00bbMyriad pro regular||||||||\u00a0\u00bb header_5_text_color=\u00a0\u00bb#000000&Prime; header_5_letter_spacing=\u00a0\u00bb4px\u00a0\u00bb header_5_line_height=\u00a0\u00bb1.4em\u00a0\u00bb custom_margin=\u00a0\u00bb||0px||false|false\u00a0\u00bb header_5_text_align_tablet=\u00a0\u00bbcenter\u00a0\u00bb header_5_text_align_phone=\u00a0\u00bbcenter\u00a0\u00bb header_5_text_align_last_edited=\u00a0\u00bbon|tablet\u00a0\u00bb header_5_font_size_tablet=\u00a0\u00bb16px\u00a0\u00bb header_5_font_size_phone=\u00a0\u00bb14px\u00a0\u00bb header_5_font_size_last_edited=\u00a0\u00bbon|desktop\u00a0\u00bb global_colors_info=\u00a0\u00bb{}\u00a0\u00bb]<\/p>\n<h5>Adherez \u00e0 une communaut\u00e9 afrodescendante consciente d&rsquo;elle-m\u00eame.<\/h5>\n<p>[\/et_pb_text][et_pb_icon font_icon=\u00a0\u00bb&#xf5dc;||fa||900&Prime; icon_color=\u00a0\u00bb#000000&Prime; icon_width=\u00a0\u00bb25px\u00a0\u00bb align=\u00a0\u00bbleft\u00a0\u00bb align_tablet=\u00a0\u00bbcenter\u00a0\u00bb align_phone=\u00a0\u00bbcenter\u00a0\u00bb align_last_edited=\u00a0\u00bbon|tablet\u00a0\u00bb _builder_version=\u00a0\u00bb4.24.2&Prime; _module_preset=\u00a0\u00bbdefault\u00a0\u00bb custom_margin=\u00a0\u00bb3%||2%||false|false\u00a0\u00bb global_colors_info=\u00a0\u00bb{}\u00a0\u00bb][\/et_pb_icon][et_pb_text _builder_version=\u00a0\u00bb4.24.2&Prime; _module_preset=\u00a0\u00bb_initial\u00a0\u00bb header_5_font=\u00a0\u00bbMyriad pro regular||||||||\u00a0\u00bb header_5_text_color=\u00a0\u00bb#000000&Prime; header_5_letter_spacing=\u00a0\u00bb4px\u00a0\u00bb header_5_line_height=\u00a0\u00bb1.4em\u00a0\u00bb custom_margin=\u00a0\u00bb||0px||false|false\u00a0\u00bb header_5_font_size_tablet=\u00a0\u00bb16px\u00a0\u00bb header_5_font_size_phone=\u00a0\u00bb14px\u00a0\u00bb header_5_font_size_last_edited=\u00a0\u00bbon|desktop\u00a0\u00bb global_colors_info=\u00a0\u00bb{}\u00a0\u00bb header_5_text_align_last_edited=\u00a0\u00bbon|phone\u00a0\u00bb header_5_text_align_phone=\u00a0\u00bbcenter\u00a0\u00bb hover_enabled=\u00a0\u00bb0&Prime; sticky_enabled=\u00a0\u00bb0&Prime; header_5_text_align_tablet=\u00a0\u00bbcenter\u00a0\u00bb]<\/p>\n<h5>Consommez les marques de fa\u00e7on consciente et \u00e9thique.<\/h5>\n<p>[\/et_pb_text][et_pb_icon font_icon=\u00a0\u00bb&#xf3bf;||fa||900&Prime; icon_color=\u00a0\u00bb#000000&Prime; icon_width=\u00a0\u00bb25px\u00a0\u00bb align=\u00a0\u00bbleft\u00a0\u00bb align_tablet=\u00a0\u00bbcenter\u00a0\u00bb align_phone=\u00a0\u00bbcenter\u00a0\u00bb align_last_edited=\u00a0\u00bbon|tablet\u00a0\u00bb _builder_version=\u00a0\u00bb4.24.2&Prime; _module_preset=\u00a0\u00bbdefault\u00a0\u00bb custom_margin=\u00a0\u00bb3%||2%||false|false\u00a0\u00bb global_colors_info=\u00a0\u00bb{}\u00a0\u00bb][\/et_pb_icon][et_pb_text _builder_version=\u00a0\u00bb4.24.2&Prime; _module_preset=\u00a0\u00bb_initial\u00a0\u00bb header_5_font=\u00a0\u00bbMyriad pro regular||||||||\u00a0\u00bb header_5_text_color=\u00a0\u00bb#000000&Prime; header_5_letter_spacing=\u00a0\u00bb4px\u00a0\u00bb header_5_line_height=\u00a0\u00bb1.4em\u00a0\u00bb custom_margin=\u00a0\u00bb||0px||false|false\u00a0\u00bb header_5_font_size_tablet=\u00a0\u00bb16px\u00a0\u00bb header_5_font_size_phone=\u00a0\u00bb14px\u00a0\u00bb header_5_font_size_last_edited=\u00a0\u00bbon|desktop\u00a0\u00bb global_colors_info=\u00a0\u00bb{}\u00a0\u00bb header_5_text_align_last_edited=\u00a0\u00bbon|phone\u00a0\u00bb header_5_text_align_phone=\u00a0\u00bbcenter\u00a0\u00bb hover_enabled=\u00a0\u00bb0&Prime; sticky_enabled=\u00a0\u00bb0&Prime; header_5_text_align_tablet=\u00a0\u00bbcenter\u00a0\u00bb]<\/p>\n<h5>Participez au d\u00e9veloppement de notre savoir-faire local.<\/h5>\n<p>[\/et_pb_text][\/et_pb_column][\/et_pb_row][\/et_pb_section][et_pb_section fb_built=\u00a0\u00bb1&Prime; disabled_on=\u00a0\u00bbon|on|on\u00a0\u00bb admin_label=\u00a0\u00bbFAQ\u00a0\u00bb _builder_version=\u00a0\u00bb4.24.2&Prime; _module_preset=\u00a0\u00bbdefault\u00a0\u00bb background_color=\u00a0\u00bb#000000&Prime; background_enable_image=\u00a0\u00bboff\u00a0\u00bb parallax=\u00a0\u00bbon\u00a0\u00bb disabled=\u00a0\u00bbon\u00a0\u00bb locked=\u00a0\u00bboff\u00a0\u00bb collapsed=\u00a0\u00bbon\u00a0\u00bb global_colors_info=\u00a0\u00bb{}\u00a0\u00bb][et_pb_row _builder_version=\u00a0\u00bb4.24.2&Prime; _module_preset=\u00a0\u00bbdefault\u00a0\u00bb global_colors_info=\u00a0\u00bb{}\u00a0\u00bb][et_pb_column type=\u00a0\u00bb4_4&Prime; _builder_version=\u00a0\u00bb4.23.1&Prime; _module_preset=\u00a0\u00bbdefault\u00a0\u00bb global_colors_info=\u00a0\u00bb{}\u00a0\u00bb][et_pb_text _builder_version=\u00a0\u00bb4.24.2&Prime; _module_preset=\u00a0\u00bb_initial\u00a0\u00bb text_font=\u00a0\u00bbMyriad pro regular||||||||\u00a0\u00bb text_text_color=\u00a0\u00bb#000000&Prime; text_font_size=\u00a0\u00bb16px\u00a0\u00bb header_2_font=\u00a0\u00bbEDITION|700|||||||\u00a0\u00bb header_2_text_align=\u00a0\u00bbcenter\u00a0\u00bb header_2_text_color=\u00a0\u00bb#FFFFFF\u00a0\u00bb header_2_font_size=\u00a0\u00bb70px\u00a0\u00bb header_2_letter_spacing=\u00a0\u00bb5px\u00a0\u00bb header_2_line_height=\u00a0\u00bb1.4em\u00a0\u00bb text_orientation=\u00a0\u00bbcenter\u00a0\u00bb custom_margin=\u00a0\u00bb||10px||false|false\u00a0\u00bb custom_padding=\u00a0\u00bb||4%||false|false\u00a0\u00bb header_2_font_size_tablet=\u00a0\u00bb32px\u00a0\u00bb header_2_font_size_phone=\u00a0\u00bb20px\u00a0\u00bb header_2_font_size_last_edited=\u00a0\u00bbon|desktop\u00a0\u00bb header_2_text_shadow_style=\u00a0\u00bbpreset1&Prime; header_2_text_shadow_vertical_length=\u00a0\u00bb0.01em\u00a0\u00bb header_2_text_shadow_blur_strength=\u00a0\u00bb0.02em\u00a0\u00bb header_2_text_shadow_color=\u00a0\u00bb#000000&Prime; locked=\u00a0\u00bboff\u00a0\u00bb global_colors_info=\u00a0\u00bb{}\u00a0\u00bb]<\/p>\n<h2>Foire aux questions (faq)<\/h2>\n<p>[\/et_pb_text][et_pb_accordion open_toggle_background_color=\u00a0\u00bbRGBA(255,255,255,0)\u00a0\u00bb closed_toggle_background_color=\u00a0\u00bbRGBA(255,255,255,0)\u00a0\u00bb toggle_icon=\u00a0\u00bb&#xf309;||fa||900&Prime; icon_color=\u00a0\u00bb#4B78ED\u00a0\u00bb _builder_version=\u00a0\u00bb4.24.2&Prime; _module_preset=\u00a0\u00bb_initial\u00a0\u00bb toggle_text_color=\u00a0\u00bb#FFFFFF\u00a0\u00bb toggle_font=\u00a0\u00bbEDITION|700|||||||\u00a0\u00bb toggle_font_size=\u00a0\u00bb30px\u00a0\u00bb toggle_letter_spacing=\u00a0\u00bb4px\u00a0\u00bb toggle_line_height=\u00a0\u00bb1.4em\u00a0\u00bb body_font=\u00a0\u00bbMyriad pro regular||||||||\u00a0\u00bb body_text_color=\u00a0\u00bbrgba(255,255,255,0.7)\u00a0\u00bb body_font_size=\u00a0\u00bb16px\u00a0\u00bb body_line_height=\u00a0\u00bb1.8em\u00a0\u00bb background_enable_color=\u00a0\u00bboff\u00a0\u00bb custom_padding=\u00a0\u00bb||||false|false\u00a0\u00bb toggle_font_size_tablet=\u00a0\u00bb16px\u00a0\u00bb toggle_font_size_phone=\u00a0\u00bb14px\u00a0\u00bb toggle_font_size_last_edited=\u00a0\u00bbon|desktop\u00a0\u00bb body_font_size_tablet=\u00a0\u00bb15px\u00a0\u00bb body_font_size_phone=\u00a0\u00bb14px\u00a0\u00bb body_font_size_last_edited=\u00a0\u00bbon|desktop\u00a0\u00bb border_width_all=\u00a0\u00bb0px\u00a0\u00bb border_width_bottom=\u00a0\u00bb1px\u00a0\u00bb border_color_bottom=\u00a0\u00bbrgba(255,255,255,0.24)\u00a0\u00bb locked=\u00a0\u00bboff\u00a0\u00bb global_colors_info=\u00a0\u00bb{%22gcid-c389346f-c7fc-4257-bd7f-fcd8e4ff1304%22:%91%22meta_text_color%22,%22meta_text_color%22,%22meta_text_color%22,%22meta_text_color%22,%22meta_text_color%22,%22meta_text_color%22%93}\u00a0\u00bb][et_pb_accordion_item title=\u00a0\u00bbLorem ipsum dolor sit amet?\u00a0\u00bb open=\u00a0\u00bbon\u00a0\u00bb _builder_version=\u00a0\u00bb4.23.1&Prime; _module_preset=\u00a0\u00bbdefault\u00a0\u00bb custom_padding=\u00a0\u00bb|0px||0px|false|true\u00a0\u00bb global_colors_info=\u00a0\u00bb{}\u00a0\u00bb]<\/p>\n<p>Lorem ipsum dolor sit amet, consectetur adipiscing elit. Donec sed finibus nisi, sed dictum eros. Quisque aliquet velit sit amet sem interdum faucibus. In feugiat aliquet mollis. Etiam tincidunt ligula ut hendrerit semper. Quisque luctus lectus non turpis bibendum posuere. Morbi tortor nibh, fringilla sed pretium sit amet, pharetra non ex. Fusce vel egestas nisl.<\/p>\n<p>[\/et_pb_accordion_item][et_pb_accordion_item title=\u00a0\u00bbDonec sed finibus nisi?\u00a0\u00bb _builder_version=\u00a0\u00bb4.23.1&Prime; _module_preset=\u00a0\u00bbdefault\u00a0\u00bb custom_padding=\u00a0\u00bb|0px||0px|false|true\u00a0\u00bb global_colors_info=\u00a0\u00bb{}\u00a0\u00bb open=\u00a0\u00bboff\u00a0\u00bb]<\/p>\n<p>Curabitur non bibendum ligula. In non pulvinar purus. Curabitur nisi odio, blandit et elit at, suscipit pharetra elit. Fusce ut mauris quam. Quisque lacinia quam eu commodo mollis. Praesent nisl massa, ultrices vitae ornare sit amet, ultricies eget orci. Sed vitae nulla et justo pellentesque congue nec eu risus. Morbi ac feugiat ante.<\/p>\n<p>[\/et_pb_accordion_item][et_pb_accordion_item title=\u00a0\u00bbQuisque aliquet velit sit amet?\u00a0\u00bb _builder_version=\u00a0\u00bb4.23.1&Prime; _module_preset=\u00a0\u00bbdefault\u00a0\u00bb custom_padding=\u00a0\u00bb|0px||0px|false|true\u00a0\u00bb global_colors_info=\u00a0\u00bb{}\u00a0\u00bb open=\u00a0\u00bboff\u00a0\u00bb]<\/p>\n<p>Etiam quis blandit erat. Donec laoreet libero non metus volutpat consequat in vel metus. Sed non augue id felis pellentesque congue et vitae tellus. Donec ullamcorper libero nisl, nec blandit dolor tempus feugiat. Aenean neque felis, fringilla nec placerat eget, sollicitudin a sapien. Cras ut auctor elit.<\/p>\n<p>[\/et_pb_accordion_item][et_pb_accordion_item title=\u00a0\u00bbMorbi tortor nibh fringilla?\u00a0\u00bb _builder_version=\u00a0\u00bb4.23.1&Prime; _module_preset=\u00a0\u00bbdefault\u00a0\u00bb custom_padding=\u00a0\u00bb|0px||0px|false|true\u00a0\u00bb global_colors_info=\u00a0\u00bb{}\u00a0\u00bb open=\u00a0\u00bboff\u00a0\u00bb]<\/p>\n<p>Vivamus id gravida mi, nec ullamcorper purus. Suspendisse ut nibh sagittis lacus viverra aliquam. Praesent ac lobortis mauris, non imperdiet quam. Praesent laoreet elit nisi, id feugiat ante accumsan sed. Vestibulum ante ipsum primis in faucibus orci luctus et ultrices posuere cubilia curae.<\/p>\n<p>[\/et_pb_accordion_item][et_pb_accordion_item title=\u00a0\u00bbCurabitur non bibendum ligula?\u00a0\u00bb _builder_version=\u00a0\u00bb4.23.1&Prime; _module_preset=\u00a0\u00bbdefault\u00a0\u00bb custom_padding=\u00a0\u00bb|0px||0px|false|true\u00a0\u00bb global_colors_info=\u00a0\u00bb{}\u00a0\u00bb open=\u00a0\u00bboff\u00a0\u00bb]<\/p>\n<p>Curabitur fermentum nulla non justo aliquet, quis vehicula quam consequat. Duis ut hendrerit tellus, elementum lacinia elit. Maecenas at consectetur ex, vitae consequat augue. Vivamus eget dolor vel quam condimentum sodales. In bibendum odio urna, sit amet fermentum purus venenatis amet.<\/p>\n<p>[\/et_pb_accordion_item][\/et_pb_accordion][\/et_pb_column][\/et_pb_row][\/et_pb_section]<\/p>\n","protected":false},"excerpt":{"rendered":"<p>notre histoireafrikribean antonyme de \u00ab\u00a0creole\u00a0\u00bbLe mot \u00ab\u00a0Cr\u00e9ole\u00a0\u00bb d\u00e9signant les premiers colons, g\u00e9nocidaires des peuples Am\u00e9rindiens et esclavagistes des peuples d&rsquo;Afrique. \u00ab\u00a0Afri\u00a0\u00bb pour l&rsquo;Afrique, \u00ab\u00a0Ribean\u00a0\u00bb pour la Cara\u00efbe.\u00a0\u00bbAfri\u00a0\u00bb au lieu de \u00ab\u00a0Afro\u00a0\u00bb afin de bien valoris\u00e9 notre ascendance Africaine. Le \u00ab\u00a0K\u00a0\u00bb repr\u00e9sente la virgule de notre histoire mais repr\u00e9sente aussi fait r\u00e9f\u00e9rence \u00e0 un tas de [&hellip;]<\/p>\n","protected":false},"author":1,"featured_media":0,"parent":0,"menu_order":0,"comment_status":"closed","ping_status":"closed","template":"","meta":{"_acf_changed":false,"_et_pb_use_builder":"on","_et_pb_old_content":"","_et_gb_content_width":"","footnotes":""},"class_list":["post-291","page","type-page","status-publish","hentry"],"acf":[],"yoast_head":"<!-- This site is optimized with the Yoast SEO plugin v22.3 - https:\/\/yoast.com\/wordpress\/plugins\/seo\/ -->\n<title>Qui sommes nous ? - afrikribean.com<\/title>\n<meta name=\"robots\" content=\"index, follow, max-snippet:-1, max-image-preview:large, max-video-preview:-1\" \/>\n<link rel=\"canonical\" href=\"https:\/\/afrikribean.com\/?page_id=291\" \/>\n<meta property=\"og:locale\" content=\"fr_FR\" \/>\n<meta property=\"og:type\" content=\"article\" \/>\n<meta property=\"og:title\" content=\"Qui sommes nous ? - afrikribean.com\" \/>\n<meta property=\"og:description\" content=\"notre histoireafrikribean antonyme de &quot;creole&quot;Le mot &quot;Cr\u00e9ole&quot; d\u00e9signant les premiers colons, g\u00e9nocidaires des peuples Am\u00e9rindiens et esclavagistes des peuples d&#039;Afrique. &quot;Afri&quot; pour l&#039;Afrique, &quot;Ribean&quot; pour la Cara\u00efbe.&quot;Afri&quot; au lieu de &quot;Afro&quot; afin de bien valoris\u00e9 notre ascendance Africaine. Le &quot;K&quot; repr\u00e9sente la virgule de notre histoire mais repr\u00e9sente aussi fait r\u00e9f\u00e9rence \u00e0 un tas de [&hellip;]\" \/>\n<meta property=\"og:url\" content=\"https:\/\/afrikribean.com\/?page_id=291\" \/>\n<meta property=\"og:site_name\" content=\"afrikribean.com\" \/>\n<meta property=\"article:modified_time\" content=\"2024-04-09T06:01:17+00:00\" \/>\n<meta name=\"twitter:card\" content=\"summary_large_image\" \/>\n<meta name=\"twitter:label1\" content=\"Dur\u00e9e de lecture estim\u00e9e\" \/>\n\t<meta name=\"twitter:data1\" content=\"8 minutes\" \/>\n<script type=\"application\/ld+json\" class=\"yoast-schema-graph\">{\"@context\":\"https:\/\/schema.org\",\"@graph\":[{\"@type\":\"WebPage\",\"@id\":\"https:\/\/afrikribean.com\/?page_id=291\",\"url\":\"https:\/\/afrikribean.com\/?page_id=291\",\"name\":\"Qui sommes nous ? - afrikribean.com\",\"isPartOf\":{\"@id\":\"https:\/\/afrikribean.com\/#website\"},\"datePublished\":\"2024-03-14T20:18:54+00:00\",\"dateModified\":\"2024-04-09T06:01:17+00:00\",\"breadcrumb\":{\"@id\":\"https:\/\/afrikribean.com\/?page_id=291#breadcrumb\"},\"inLanguage\":\"fr-FR\",\"potentialAction\":[{\"@type\":\"ReadAction\",\"target\":[\"https:\/\/afrikribean.com\/?page_id=291\"]}]},{\"@type\":\"BreadcrumbList\",\"@id\":\"https:\/\/afrikribean.com\/?page_id=291#breadcrumb\",\"itemListElement\":[{\"@type\":\"ListItem\",\"position\":1,\"name\":\"Accueil\",\"item\":\"https:\/\/afrikribean.com\/\"},{\"@type\":\"ListItem\",\"position\":2,\"name\":\"Qui sommes nous ?\"}]},{\"@type\":\"WebSite\",\"@id\":\"https:\/\/afrikribean.com\/#website\",\"url\":\"https:\/\/afrikribean.com\/\",\"name\":\"afrikribean.com\",\"description\":\"\",\"publisher\":{\"@id\":\"https:\/\/afrikribean.com\/#organization\"},\"potentialAction\":[{\"@type\":\"SearchAction\",\"target\":{\"@type\":\"EntryPoint\",\"urlTemplate\":\"https:\/\/afrikribean.com\/?s={search_term_string}\"},\"query-input\":\"required name=search_term_string\"}],\"inLanguage\":\"fr-FR\"},{\"@type\":\"Organization\",\"@id\":\"https:\/\/afrikribean.com\/#organization\",\"name\":\"afrikribean.com\",\"url\":\"https:\/\/afrikribean.com\/\",\"logo\":{\"@type\":\"ImageObject\",\"inLanguage\":\"fr-FR\",\"@id\":\"https:\/\/afrikribean.com\/#\/schema\/logo\/image\/\",\"url\":\"https:\/\/afrikribean.com\/wp-content\/uploads\/2024\/02\/cropped-image_123650291-removebg-preview.png\",\"contentUrl\":\"https:\/\/afrikribean.com\/wp-content\/uploads\/2024\/02\/cropped-image_123650291-removebg-preview.png\",\"width\":512,\"height\":512,\"caption\":\"afrikribean.com\"},\"image\":{\"@id\":\"https:\/\/afrikribean.com\/#\/schema\/logo\/image\/\"},\"sameAs\":[\"https:\/\/www.instagram.com\/afrikribean\/\"]}]}<\/script>\n<!-- \/ Yoast SEO plugin. -->","yoast_head_json":{"title":"Qui sommes nous ? - afrikribean.com","robots":{"index":"index","follow":"follow","max-snippet":"max-snippet:-1","max-image-preview":"max-image-preview:large","max-video-preview":"max-video-preview:-1"},"canonical":"https:\/\/afrikribean.com\/?page_id=291","og_locale":"fr_FR","og_type":"article","og_title":"Qui sommes nous ? - afrikribean.com","og_description":"notre histoireafrikribean antonyme de \"creole\"Le mot \"Cr\u00e9ole\" d\u00e9signant les premiers colons, g\u00e9nocidaires des peuples Am\u00e9rindiens et esclavagistes des peuples d'Afrique. \"Afri\" pour l'Afrique, \"Ribean\" pour la Cara\u00efbe.\"Afri\" au lieu de \"Afro\" afin de bien valoris\u00e9 notre ascendance Africaine. Le \"K\" repr\u00e9sente la virgule de notre histoire mais repr\u00e9sente aussi fait r\u00e9f\u00e9rence \u00e0 un tas de [&hellip;]","og_url":"https:\/\/afrikribean.com\/?page_id=291","og_site_name":"afrikribean.com","article_modified_time":"2024-04-09T06:01:17+00:00","twitter_card":"summary_large_image","twitter_misc":{"Dur\u00e9e de lecture estim\u00e9e":"8 minutes"},"schema":{"@context":"https:\/\/schema.org","@graph":[{"@type":"WebPage","@id":"https:\/\/afrikribean.com\/?page_id=291","url":"https:\/\/afrikribean.com\/?page_id=291","name":"Qui sommes nous ? - afrikribean.com","isPartOf":{"@id":"https:\/\/afrikribean.com\/#website"},"datePublished":"2024-03-14T20:18:54+00:00","dateModified":"2024-04-09T06:01:17+00:00","breadcrumb":{"@id":"https:\/\/afrikribean.com\/?page_id=291#breadcrumb"},"inLanguage":"fr-FR","potentialAction":[{"@type":"ReadAction","target":["https:\/\/afrikribean.com\/?page_id=291"]}]},{"@type":"BreadcrumbList","@id":"https:\/\/afrikribean.com\/?page_id=291#breadcrumb","itemListElement":[{"@type":"ListItem","position":1,"name":"Accueil","item":"https:\/\/afrikribean.com\/"},{"@type":"ListItem","position":2,"name":"Qui sommes nous ?"}]},{"@type":"WebSite","@id":"https:\/\/afrikribean.com\/#website","url":"https:\/\/afrikribean.com\/","name":"afrikribean.com","description":"","publisher":{"@id":"https:\/\/afrikribean.com\/#organization"},"potentialAction":[{"@type":"SearchAction","target":{"@type":"EntryPoint","urlTemplate":"https:\/\/afrikribean.com\/?s={search_term_string}"},"query-input":"required name=search_term_string"}],"inLanguage":"fr-FR"},{"@type":"Organization","@id":"https:\/\/afrikribean.com\/#organization","name":"afrikribean.com","url":"https:\/\/afrikribean.com\/","logo":{"@type":"ImageObject","inLanguage":"fr-FR","@id":"https:\/\/afrikribean.com\/#\/schema\/logo\/image\/","url":"https:\/\/afrikribean.com\/wp-content\/uploads\/2024\/02\/cropped-image_123650291-removebg-preview.png","contentUrl":"https:\/\/afrikribean.com\/wp-content\/uploads\/2024\/02\/cropped-image_123650291-removebg-preview.png","width":512,"height":512,"caption":"afrikribean.com"},"image":{"@id":"https:\/\/afrikribean.com\/#\/schema\/logo\/image\/"},"sameAs":["https:\/\/www.instagram.com\/afrikribean\/"]}]}},"_links":{"self":[{"href":"https:\/\/afrikribean.com\/index.php?rest_route=\/wp\/v2\/pages\/291","targetHints":{"allow":["GET"]}}],"collection":[{"href":"https:\/\/afrikribean.com\/index.php?rest_route=\/wp\/v2\/pages"}],"about":[{"href":"https:\/\/afrikribean.com\/index.php?rest_route=\/wp\/v2\/types\/page"}],"author":[{"embeddable":true,"href":"https:\/\/afrikribean.com\/index.php?rest_route=\/wp\/v2\/users\/1"}],"replies":[{"embeddable":true,"href":"https:\/\/afrikribean.com\/index.php?rest_route=%2Fwp%2Fv2%2Fcomments&post=291"}],"version-history":[{"count":16,"href":"https:\/\/afrikribean.com\/index.php?rest_route=\/wp\/v2\/pages\/291\/revisions"}],"predecessor-version":[{"id":780,"href":"https:\/\/afrikribean.com\/index.php?rest_route=\/wp\/v2\/pages\/291\/revisions\/780"}],"wp:attachment":[{"href":"https:\/\/afrikribean.com\/index.php?rest_route=%2Fwp%2Fv2%2Fmedia&parent=291"}],"curies":[{"name":"wp","href":"https:\/\/api.w.org\/{rel}","templated":true}]}}